{"id":22,"date":"2016-08-23T10:09:32","date_gmt":"2016-08-23T08:09:32","guid":{"rendered":"http:\/\/www.kfi.se\/wp-index.php\/?page_id=22"},"modified":"2026-03-31T08:03:57","modified_gmt":"2026-03-31T06:03:57","slug":"seminarier","status":"publish","type":"page","link":"https:\/\/www.kfi.se\/wp-index.php\/seminarier\/","title":{"rendered":"Seminarier"},"content":{"rendered":"<p>KFi ordnar flera typer av seminarier och utbildningar varje \u00e5r, t. ex. KFi-dagen och Redovisningsdagen.<\/p>\n<p><!--more--><\/p>\n<h2>KFi:s seminarier<\/h2>\n<p>&nbsp;<\/p>\n<p><strong>V\u00e4lkommen till <\/strong><strong>seminarier p\u00e5 KFi<\/strong><\/p>\n<p>&nbsp;<\/p>\n<p><a href=\"https:\/\/www.kfi.se\/wp-content\/uploads\/2026\/03\/Seminarier-VT-26-uppdaterad.pdf\" target=\"_blank\" rel=\"noopener\">L\u00e4s v\u00e5rens program h\u00e4r (PDF)<\/a><\/p>\n<p>&nbsp;<\/p>\n<p><strong>Inbjudningar till respektive seminarium skickas ut i n\u00e4rmare anslutning till seminariet<\/strong><\/p>\n<p>&nbsp;<\/p>\n<p><strong>V\u00c4LKOMMEN!<\/strong><\/p>\n<p>&nbsp;<\/p>\n<p><!--more--><\/p>\n<p><a href=\"http:\/\/www.kfi.se\/wp-index.php\/exempelsida\/seminarier\/anmalan\/\">Anm\u00e4l dig h\u00e4r<\/a><\/p>\n","protected":false},"excerpt":{"rendered":"<p>KFi ordnar flera typer av seminarier och utbildningar varje \u00e5r, t. ex. KFi-dagen och Redovisningsdagen.<\/p>\n","protected":false},"author":3,"featured_media":740,"parent":0,"menu_order":0,"comment_status":"closed","ping_status":"closed","template":"page-templates\/grid-page.php","meta":{"footnotes":""},"class_list":["post-22","page","type-page","status-publish","has-post-thumbnail","hentry"],"_links":{"self":[{"href":"https:\/\/www.kfi.se\/wp-index.php\/wp-json\/wp\/v2\/pages\/22"}],"collection":[{"href":"https:\/\/www.kfi.se\/wp-index.php\/wp-json\/wp\/v2\/pages"}],"about":[{"href":"https:\/\/www.kfi.se\/wp-index.php\/wp-json\/wp\/v2\/types\/page"}],"author":[{"embeddable":true,"href":"https:\/\/www.kfi.se\/wp-index.php\/wp-json\/wp\/v2\/users\/3"}],"replies":[{"embeddable":true,"href":"https:\/\/www.kfi.se\/wp-index.php\/wp-json\/wp\/v2\/comments?post=22"}],"version-history":[{"count":70,"href":"https:\/\/www.kfi.se\/wp-index.php\/wp-json\/wp\/v2\/pages\/22\/revisions"}],"predecessor-version":[{"id":7036,"href":"https:\/\/www.kfi.se\/wp-index.php\/wp-json\/wp\/v2\/pages\/22\/revisions\/7036"}],"wp:featuredmedia":[{"embeddable":true,"href":"https:\/\/www.kfi.se\/wp-index.php\/wp-json\/wp\/v2\/media\/740"}],"wp:attachment":[{"href":"https:\/\/www.kfi.se\/wp-index.php\/wp-json\/wp\/v2\/media?parent=22"}],"curies":[{"name":"wp","href":"https:\/\/api.w.org\/{rel}","templated":true}]}}