{"id":3270,"date":"2020-05-29T08:13:52","date_gmt":"2020-05-29T06:13:52","guid":{"rendered":"http:\/\/www.kfi.se\/wp-index.php\/?page_id=3270"},"modified":"2024-02-12T09:56:55","modified_gmt":"2024-02-12T08:56:55","slug":"caroline-leppanen","status":"publish","type":"page","link":"https:\/\/www.kfi.se\/wp-index.php\/kontakt\/caroline-leppanen\/","title":{"rendered":"Caroline Lepp\u00e4nen"},"content":{"rendered":"<h4><img loading=\"lazy\" decoding=\"async\" class=\"alignnone wp-image-3948\" src=\"https:\/\/www.kfi.se\/wp-content\/uploads\/2021\/04\/Caroline-242x300.jpg\" alt=\"\" width=\"204\" height=\"252\" srcset=\"https:\/\/www.kfi.se\/wp-content\/uploads\/2021\/04\/Caroline-242x300.jpg 242w, https:\/\/www.kfi.se\/wp-content\/uploads\/2021\/04\/Caroline-826x1024.jpg 826w, https:\/\/www.kfi.se\/wp-content\/uploads\/2021\/04\/Caroline-768x952.jpg 768w, https:\/\/www.kfi.se\/wp-content\/uploads\/2021\/04\/Caroline-1239x1536.jpg 1239w, https:\/\/www.kfi.se\/wp-content\/uploads\/2021\/04\/Caroline-772x957.jpg 772w, https:\/\/www.kfi.se\/wp-content\/uploads\/2021\/04\/Caroline-992x1230.jpg 992w, https:\/\/www.kfi.se\/wp-content\/uploads\/2021\/04\/Caroline-155x192.jpg 155w, https:\/\/www.kfi.se\/wp-content\/uploads\/2021\/04\/Caroline.jpg 1549w\" sizes=\"(max-width: 204px) 100vw, 204px\" \/><\/h4>\n<h4><strong>Caroline Lepp\u00e4nen\u00a0<\/strong><\/h4>\n<p>Doktorand i Offentlig f\u00f6rvaltning<br \/>\nG\u00f6teborgs universitet<br \/>\nKommunforskning i V\u00e4stsverige (KFi)<\/p>\n<p>Telefon:\u00a0<span style=\"font-family: 'Noto Sans', sans-serif; font-size: 16px; font-style: normal; font-weight: 400;\">0762-88 11 93<\/span><br \/>\nE-post: caroline.leppanen@kfi.se<\/p>\n<h4>Intresseomr\u00e5de<\/h4>\n<p>Mitt forskningsintresse \u00e4r att f\u00f6rst\u00e5 p\u00e5 vilket s\u00e4tt siffror p\u00e5verkar och v\u00e4vs in i organisatoriska och styrningsm\u00e4ssiga aspekter. Under de senaste \u00e5ren har jag d\u00e4rf\u00f6r \u00e4gnat mig \u00e5t forskning inom omr\u00e5det styrning och redovisning, med s\u00e4rskild fokus p\u00e5 kommunal sektor. Mitt arbete har varit inriktat p\u00e5 att utforska olika initiativ, styrtekniker och processer som syftar till att f\u00f6rb\u00e4ttra styrningen mot social h\u00e5llbarhet inom ramen f\u00f6r KFi&#8217;s forskningsomr\u00e5de om Social styrning och redovisning.<\/p>\n","protected":false},"excerpt":{"rendered":"<p>Caroline Lepp\u00e4nen\u00a0 Doktorand i Offentlig f\u00f6rvaltning G\u00f6teborgs universitet Kommunforskning i V\u00e4stsverige (KFi) Telefon:\u00a00762-88 11 93 E-post: caroline.leppanen@kfi.se Intresseomr\u00e5de Mitt forskningsintresse \u00e4r att f\u00f6rst\u00e5 p\u00e5 vilket s\u00e4tt siffror p\u00e5verkar och v\u00e4vs in i organisatoriska och styrningsm\u00e4ssiga aspekter. Under de senaste \u00e5ren har jag d\u00e4rf\u00f6r \u00e4gnat mig \u00e5t forskning inom omr\u00e5det styrning och redovisning, med s\u00e4rskild fokus &hellip; <a href=\"https:\/\/www.kfi.se\/wp-index.php\/kontakt\/caroline-leppanen\/\" class=\"more-link\">Forts\u00e4tt l\u00e4sa <span class=\"screen-reader-text\">Caroline Lepp\u00e4nen<\/span><\/a><\/p>\n","protected":false},"author":3,"featured_media":0,"parent":39,"menu_order":0,"comment_status":"closed","ping_status":"closed","template":"","meta":{"footnotes":""},"class_list":["post-3270","page","type-page","status-publish","hentry"],"_links":{"self":[{"href":"https:\/\/www.kfi.se\/wp-index.php\/wp-json\/wp\/v2\/pages\/3270"}],"collection":[{"href":"https:\/\/www.kfi.se\/wp-index.php\/wp-json\/wp\/v2\/pages"}],"about":[{"href":"https:\/\/www.kfi.se\/wp-index.php\/wp-json\/wp\/v2\/types\/page"}],"author":[{"embeddable":true,"href":"https:\/\/www.kfi.se\/wp-index.php\/wp-json\/wp\/v2\/users\/3"}],"replies":[{"embeddable":true,"href":"https:\/\/www.kfi.se\/wp-index.php\/wp-json\/wp\/v2\/comments?post=3270"}],"version-history":[{"count":7,"href":"https:\/\/www.kfi.se\/wp-index.php\/wp-json\/wp\/v2\/pages\/3270\/revisions"}],"predecessor-version":[{"id":5635,"href":"https:\/\/www.kfi.se\/wp-index.php\/wp-json\/wp\/v2\/pages\/3270\/revisions\/5635"}],"up":[{"embeddable":true,"href":"https:\/\/www.kfi.se\/wp-index.php\/wp-json\/wp\/v2\/pages\/39"}],"wp:attachment":[{"href":"https:\/\/www.kfi.se\/wp-index.php\/wp-json\/wp\/v2\/media?parent=3270"}],"curies":[{"name":"wp","href":"https:\/\/api.w.org\/{rel}","templated":true}]}}