{"id":508,"date":"2016-08-30T16:20:57","date_gmt":"2016-08-30T14:20:57","guid":{"rendered":"http:\/\/www.kfi.se\/wp-index.php\/?page_id=508"},"modified":"2018-01-18T14:34:51","modified_gmt":"2018-01-18T13:34:51","slug":"ros-rapporten","status":"publish","type":"page","link":"https:\/\/www.kfi.se\/wp-index.php\/publikationer\/ros-rapporten\/","title":{"rendered":"ROS-rapporten"},"content":{"rendered":"<p><img loading=\"lazy\" decoding=\"async\" class=\"alignleft wp-image-928\" src=\"https:\/\/www.kfi.se\/wp-content\/uploads\/2016\/08\/ROS-rapport-2015-fram-212x300.jpg\" alt=\"ros-rapport-2015-fram\" width=\"300\" height=\"424\" srcset=\"https:\/\/www.kfi.se\/wp-content\/uploads\/2016\/08\/ROS-rapport-2015-fram-212x300.jpg 212w, https:\/\/www.kfi.se\/wp-content\/uploads\/2016\/08\/ROS-rapport-2015-fram-768x1086.jpg 768w, https:\/\/www.kfi.se\/wp-content\/uploads\/2016\/08\/ROS-rapport-2015-fram-724x1024.jpg 724w, https:\/\/www.kfi.se\/wp-content\/uploads\/2016\/08\/ROS-rapport-2015-fram-772x1092.jpg 772w, https:\/\/www.kfi.se\/wp-content\/uploads\/2016\/08\/ROS-rapport-2015-fram-870x1230.jpg 870w, https:\/\/www.kfi.se\/wp-content\/uploads\/2016\/08\/ROS-rapport-2015-fram-136x192.jpg 136w, https:\/\/www.kfi.se\/wp-content\/uploads\/2016\/08\/ROS-rapport-2015-fram.jpg 1448w\" sizes=\"(max-width: 300px) 100vw, 300px\" \/><\/p>\n<p>&nbsp;<\/p>\n<p>&nbsp;<\/p>\n<p>&nbsp;<\/p>\n<p>&nbsp;<\/p>\n<p>&nbsp;<\/p>\n<p>&nbsp;<\/p>\n<p>&nbsp;<\/p>\n<p>&nbsp;<\/p>\n<p>&nbsp;<\/p>\n<p>&nbsp;<\/p>\n<p>&nbsp;<\/p>\n<p>&nbsp;<\/p>\n<p>Samtliga ROS-rapporter finns som <img decoding=\"async\" title=\"pdf.png\" src=\"https:\/\/www.kfi.se\/wp-content\/uploads\/2018\/01\/pdf.png\" alt=\"pdf.png\" \/> PDF-fil &#8211; klicka p\u00e5 respektive rapport.<\/p>\n<p>&nbsp;<\/p>\n<p><a href=\"http:\/\/www.kfi.se\/wp-content\/uploads\/2016\/08\/ROS-Rapport-2015.pdf\" target=\"_blank\" rel=\"noopener\">\u200b<img decoding=\"async\" title=\"pdf.png\" src=\"https:\/\/www.kfi.se\/wp-content\/uploads\/2018\/01\/pdf.png\" alt=\"pdf.png\" \/>\u00a011. Viveka Nilsson (Red) 2015. &#8221;\u00d6kad optimism men minskad f\u00f6r\u00e4ndringsben\u00e4genhet&#8221;<\/a><\/p>\n<p><a href=\"http:\/\/www.kfi.se\/wp-content\/uploads\/2016\/11\/ROS-rapport-2014.pdf\" target=\"_blank\" rel=\"noopener\">\u200b<img decoding=\"async\" title=\"pdf.png\" src=\"https:\/\/www.kfi.se\/wp-content\/uploads\/2018\/01\/pdf.png\" alt=\"pdf.png\" \/>\u00a010. Viveka Nilsson (Red) 2014. &#8221;Stabila \u00f6ver tid &#8211; rapport fr\u00e5n tio \u00e5rs ekonomichefsenk\u00e4ter&#8221;<\/a><\/p>\n<p><a href=\"http:\/\/www.kfi.se\/wp-content\/uploads\/2016\/11\/ROS-Rapport-2013.pdf\" target=\"_blank\" rel=\"noopener\"><img decoding=\"async\" title=\"pdf.png\" src=\"https:\/\/www.kfi.se\/wp-content\/uploads\/2018\/01\/pdf.png\" alt=\"pdf.png\" \/>\u00a09. Viveka Nilsson 2013. &#8221;\u00d6kad anpassningsben\u00e4genhet och os\u00e4kra ekonomiska f\u00f6rh\u00e5llanden&#8221;<\/a><\/p>\n<p><a href=\"http:\/\/www.kfi.se\/wp-content\/uploads\/2016\/11\/ROS-rapport-2012.pdf\" target=\"_blank\" rel=\"noopener\"><img decoding=\"async\" title=\"pdf.png\" src=\"https:\/\/www.kfi.se\/wp-content\/uploads\/2018\/01\/pdf.png\" alt=\"pdf.png\" \/>\u00a08. Viveka Nilsson 2012. &#8221;Fortfarande stabilt. -Om redovisning, organisering och styrning under os\u00e4kra f\u00f6ruts\u00e4ttningar.&#8221;<\/a><\/p>\n<p><a href=\"http:\/\/www.kfi.se\/wp-content\/uploads\/2016\/11\/ROS-Rapport-2011.pdf\" target=\"_blank\" rel=\"noopener\"><img decoding=\"async\" title=\"pdf.png\" src=\"https:\/\/www.kfi.se\/wp-content\/uploads\/2018\/01\/pdf.png\" alt=\"pdf.png\" \/>\u00a07. Viveka Nilsson (Red) 2011. &#8221;Mot sv\u00e5rare tider. -om vikten av politiskt ledarskap och ekonomistyrning.&#8221;<\/a><\/p>\n<p><a href=\"http:\/\/www.kfi.se\/wp-content\/uploads\/2016\/08\/ROS-Rapport-2010.pdf\" target=\"_blank\" rel=\"noopener\"><img decoding=\"async\" title=\"pdf.png\" src=\"https:\/\/www.kfi.se\/wp-content\/uploads\/2018\/01\/pdf.png\" alt=\"pdf.png\" \/>\u00a06. Bj\u00f6rn Brorstr\u00f6m och Viveka Nilsson (Red) 2010. &#8221;N\u00e4stan som det brukar vara. &#8211; Kommunal utveckling under anst\u00e4ndiga f\u00f6rh\u00e5llanden.&#8221;<\/a><\/p>\n<p><a href=\"http:\/\/www.kfi.se\/wp-content\/uploads\/2016\/08\/ROS-Rapport-2009.pdf\" target=\"_blank\" rel=\"noopener\"><img decoding=\"async\" title=\"pdf.png\" src=\"https:\/\/www.kfi.se\/wp-content\/uploads\/2018\/01\/pdf.png\" alt=\"pdf.png\" \/>\u00a05. Viveka Nilsson (Red) 2009. &#8221;Krisen som kom av sig? &#8211; om att hantera s\u00e4mre tider&#8221;<\/a><\/p>\n<p><a href=\"http:\/\/www.kfi.se\/wp-content\/uploads\/2016\/08\/ROS-Rapport-2008.pdf\" target=\"_blank\" rel=\"noopener\"><img decoding=\"async\" title=\"pdf.png\" src=\"https:\/\/www.kfi.se\/wp-content\/uploads\/2018\/01\/pdf.png\" alt=\"pdf.png\" \/>\u00a04. Bj\u00f6rn Brorstr\u00f6m och Pierre Donatella (Red) 2008. &#8221;Kapacitet att m\u00f6ta f\u00f6r\u00e4ndrade f\u00f6ruts\u00e4ttningar? P\u00e5 v\u00e4g in i krisen.&#8221;<\/a><\/p>\n<p><a href=\"http:\/\/www.kfi.se\/wp-content\/uploads\/2016\/08\/ROS-Rapport-2007-3.pdf\" target=\"_blank\" rel=\"noopener\"><img decoding=\"async\" title=\"pdf.png\" src=\"https:\/\/www.kfi.se\/wp-content\/uploads\/2018\/01\/pdf.png\" alt=\"pdf.png\" \/>\u00a03. Pierre Donatella och Tobias Johansson (Red) 2007. &#8221;Ekonomi i fokus &#8211; om s\u00e4mre tider, ekonomistyrning och avgiftsh\u00f6jningar.&#8221;<\/a><\/p>\n<p><a href=\"http:\/\/www.kfi.se\/wp-content\/uploads\/2016\/08\/ROS-Rapport-2007-2.pdf\" target=\"_blank\" rel=\"noopener\"><img decoding=\"async\" title=\"pdf.png\" src=\"https:\/\/www.kfi.se\/wp-content\/uploads\/2018\/01\/pdf.png\" alt=\"pdf.png\" \/>\u00a02. Viveka Nilsson (Red) 2007. &#8221;F\u00f6rb\u00e4ttrad ekonomi och \u00f6kad grad av omorientering.&#8221;<\/a><\/p>\n<p><a href=\"http:\/\/www.kfi.se\/wp-content\/uploads\/2016\/08\/ROS-Rapport-2006.pdf\" target=\"_blank\" rel=\"noopener\"><img decoding=\"async\" title=\"pdf.png\" src=\"https:\/\/www.kfi.se\/wp-content\/uploads\/2018\/01\/pdf.png\" alt=\"pdf.png\" \/>\u00a01. Bj\u00f6rn Brorstr\u00f6m och Sven Siverbo (Red) 2006. &#8221;Samarbete p\u00e5 bekostnad av anpassning? KFi spanar p\u00e5 kommuner och drar slutsatser.&#8221;<\/a><\/p>\n<p>&nbsp;<\/p>\n","protected":false},"excerpt":{"rendered":"<p>&nbsp; &nbsp; &nbsp; &nbsp; &nbsp; &nbsp; &nbsp; &nbsp; &nbsp; &nbsp; &nbsp; &nbsp; Samtliga ROS-rapporter finns som PDF-fil &#8211; klicka p\u00e5 respektive rapport. &nbsp; \u200b\u00a011. Viveka Nilsson (Red) 2015. &#8221;\u00d6kad optimism men minskad f\u00f6r\u00e4ndringsben\u00e4genhet&#8221; \u200b\u00a010. Viveka Nilsson (Red) 2014. &#8221;Stabila \u00f6ver tid &#8211; rapport fr\u00e5n tio \u00e5rs ekonomichefsenk\u00e4ter&#8221; \u00a09. Viveka Nilsson 2013. &#8221;\u00d6kad anpassningsben\u00e4genhet och os\u00e4kra &hellip; <a href=\"https:\/\/www.kfi.se\/wp-index.php\/publikationer\/ros-rapporten\/\" class=\"more-link\">Forts\u00e4tt l\u00e4sa <span class=\"screen-reader-text\">ROS-rapporten<\/span><\/a><\/p>\n","protected":false},"author":3,"featured_media":0,"parent":24,"menu_order":0,"comment_status":"closed","ping_status":"closed","template":"","meta":{"footnotes":""},"class_list":["post-508","page","type-page","status-publish","hentry"],"_links":{"self":[{"href":"https:\/\/www.kfi.se\/wp-index.php\/wp-json\/wp\/v2\/pages\/508"}],"collection":[{"href":"https:\/\/www.kfi.se\/wp-index.php\/wp-json\/wp\/v2\/pages"}],"about":[{"href":"https:\/\/www.kfi.se\/wp-index.php\/wp-json\/wp\/v2\/types\/page"}],"author":[{"embeddable":true,"href":"https:\/\/www.kfi.se\/wp-index.php\/wp-json\/wp\/v2\/users\/3"}],"replies":[{"embeddable":true,"href":"https:\/\/www.kfi.se\/wp-index.php\/wp-json\/wp\/v2\/comments?post=508"}],"version-history":[{"count":23,"href":"https:\/\/www.kfi.se\/wp-index.php\/wp-json\/wp\/v2\/pages\/508\/revisions"}],"predecessor-version":[{"id":2210,"href":"https:\/\/www.kfi.se\/wp-index.php\/wp-json\/wp\/v2\/pages\/508\/revisions\/2210"}],"up":[{"embeddable":true,"href":"https:\/\/www.kfi.se\/wp-index.php\/wp-json\/wp\/v2\/pages\/24"}],"wp:attachment":[{"href":"https:\/\/www.kfi.se\/wp-index.php\/wp-json\/wp\/v2\/media?parent=508"}],"curies":[{"name":"wp","href":"https:\/\/api.w.org\/{rel}","templated":true}]}}