{"id":51,"date":"2016-08-23T10:23:45","date_gmt":"2016-08-23T08:23:45","guid":{"rendered":"http:\/\/www.kfi.se\/wp-index.php\/?page_id=51"},"modified":"2021-09-03T15:23:15","modified_gmt":"2021-09-03T13:23:15","slug":"redovisningsdagen","status":"publish","type":"page","link":"https:\/\/www.kfi.se\/wp-index.php\/seminarier\/redovisningsdagen\/","title":{"rendered":"Redovisningsdagen"},"content":{"rendered":"<p>KFi:s \u00e5rliga seminarium d\u00e4r resultat fr\u00e5n forskning om redovisning presenteras och diskuteras.<!--more--><\/p>\n<h2>Redovisningsdagen den 17 december 2021<\/h2>\n<p>&nbsp;<\/p>\n<p><strong>Redovisningsdagen<\/strong><br \/>\nPierre Donatella, docent, F\u00f6rvaltningsh\u00f6gskolan, G\u00f6teborgs universitet<br \/>\nOmr\u00e5desansvarig f\u00f6r forskningsomr\u00e5det Redovisning vid KFi<br \/>\nMattias Haraldsson, lektor, Ekonomih\u00f6gskolan, Lunds universitet<br \/>\nTorbj\u00f6rn Tagesson, professor, Link\u00f6pings universitet samt kanslichef vid R\u00e5det f\u00f6r kommunal<br \/>\nredovisning<\/p>\n<p><strong>N\u00e4r?<\/strong> Fredagen den 17 december kl. 10:00-12:00, via Zoom<br \/>\n<strong>Hur?<\/strong>\u00a0Anm\u00e4l dig h\u00e4r eller via KFi:s hemsida www.kfi.se<br \/>\n<strong>Pris?<\/strong> Seminariet \u00e4r kostnadsfritt<\/p>\n<p>&nbsp;<\/p>\n","protected":false},"excerpt":{"rendered":"<p>KFi:s \u00e5rliga seminarium d\u00e4r resultat fr\u00e5n forskning om redovisning presenteras och diskuteras.<\/p>\n","protected":false},"author":3,"featured_media":470,"parent":22,"menu_order":0,"comment_status":"closed","ping_status":"closed","template":"","meta":{"footnotes":""},"class_list":["post-51","page","type-page","status-publish","has-post-thumbnail","hentry"],"_links":{"self":[{"href":"https:\/\/www.kfi.se\/wp-index.php\/wp-json\/wp\/v2\/pages\/51"}],"collection":[{"href":"https:\/\/www.kfi.se\/wp-index.php\/wp-json\/wp\/v2\/pages"}],"about":[{"href":"https:\/\/www.kfi.se\/wp-index.php\/wp-json\/wp\/v2\/types\/page"}],"author":[{"embeddable":true,"href":"https:\/\/www.kfi.se\/wp-index.php\/wp-json\/wp\/v2\/users\/3"}],"replies":[{"embeddable":true,"href":"https:\/\/www.kfi.se\/wp-index.php\/wp-json\/wp\/v2\/comments?post=51"}],"version-history":[{"count":19,"href":"https:\/\/www.kfi.se\/wp-index.php\/wp-json\/wp\/v2\/pages\/51\/revisions"}],"predecessor-version":[{"id":4118,"href":"https:\/\/www.kfi.se\/wp-index.php\/wp-json\/wp\/v2\/pages\/51\/revisions\/4118"}],"up":[{"embeddable":true,"href":"https:\/\/www.kfi.se\/wp-index.php\/wp-json\/wp\/v2\/pages\/22"}],"wp:featuredmedia":[{"embeddable":true,"href":"https:\/\/www.kfi.se\/wp-index.php\/wp-json\/wp\/v2\/media\/470"}],"wp:attachment":[{"href":"https:\/\/www.kfi.se\/wp-index.php\/wp-json\/wp\/v2\/media?parent=51"}],"curies":[{"name":"wp","href":"https:\/\/api.w.org\/{rel}","templated":true}]}}