{"id":512,"date":"2016-08-30T16:21:32","date_gmt":"2016-08-30T14:21:32","guid":{"rendered":"http:\/\/www.kfi.se\/wp-index.php\/?page_id=512"},"modified":"2019-11-28T08:56:46","modified_gmt":"2019-11-28T07:56:46","slug":"natkom-rapporter","status":"publish","type":"page","link":"https:\/\/www.kfi.se\/wp-index.php\/publikationer\/natkom-rapporter\/","title":{"rendered":"Natkom-rapporter"},"content":{"rendered":"<p><strong>Nationella kommunforskningsprogrammet (Natkom) (2009-2017)<\/strong><\/p>\n<p>Det nationella kommunforskningsprogrammet var ett samarbete mellan de fem universitetsanknutna forskningsinstitutionerna (G\u00f6teborg, Stockholm, Lund, Link\u00f6ping och \u00d6rebro) inom kommunal ekonomi och politik som tillsammans utvecklat ett forskningsprogram under \u00e5ren <span style=\"font-family: 'Noto Sans', sans-serif; font-size: 16px; font-style: normal; font-weight: 400;\">2009-2017<\/span><span style=\"font-size: 16px;\">. Den f\u00f6rsta delen av forskningsprogrammet p\u00e5gick mellan 2010-2013 och den andra delen mellan 2014-2016. Programmet avslutades 2017.\u00a0<\/span><\/p>\n<p>Nedan finns det nationella kommunforskningsprogrammets rapportserie sparad och \u00e5tkomlig f\u00f6r den som vill l\u00e4sa och ta del av rapporterna i efterhand.<\/p>\n<p>Rapportserien \u00e4r indelad i tv\u00e5 typer av rapporter. Den f\u00f6rsta typen av rapporter \u00e4r Natkom-rapporter. Den andra typen av rapporter \u00e4r ERFA-rapporter. Erfa \u00e4r en erfarenhetsrapport som enbart behandlar empiriskt material med mindre fokus p\u00e5 teoretisk anknytning.<\/p>\n<p>&nbsp;<\/p>\n<p>\u200b<strong>Natkom-rapporter\u00a0<\/strong><\/p>\n<p><a href=\"http:\/\/www.kfi.se\/wp-content\/uploads\/2019\/11\/041.pdf\" target=\"_blank\" rel=\"noopener noreferrer\">41. Roland Almquist, Pierre Donatella, Viveka Nilsson, Ulf Ramberg och Johan W\u00e4nstr\u00f6m (2017).<\/a><br \/>\nResursanpassning och utveckling av kommunal verksamhet.<br \/>\n&#8211; sammanfattning och slutord fr\u00e5n det andra<br \/>\nNationella kommunforskningsprogrammet.<br \/>\nISBN: 978-91-87454-49-3<\/p>\n<p><a href=\"http:\/\/www.kfi.se\/wp-content\/uploads\/2019\/11\/040.pdf\" target=\"_blank\" rel=\"noopener noreferrer\">40. Mikael Hellstr\u00f6m och Ulf Ramberg (2017).<\/a><br \/>\n\u00c4r ni beredda?<br \/>\nKommunal omv\u00e4rldsbevakning och<br \/>\nf\u00f6rm\u00e5gan att g\u00f6ra n\u00e5got av den.<br \/>\nISBN: 978-91-87454-48-6<\/p>\n<p><a href=\"http:\/\/www.kfi.se\/wp-content\/uploads\/2019\/11\/039.pdf\" target=\"_blank\" rel=\"noopener noreferrer\">39. Johan W\u00e4nstr\u00f6m (2017).<\/a><br \/>\nEn stark regionalmakt?<br \/>\nKommunstorlekens betydelse f\u00f6r f\u00f6rv\u00e4ntningarna p\u00e5 och erfarenheterna av det regionala utvecklingsarbetet.<br \/>\nISBN: 978-91-87454-47-9<\/p>\n<p><a href=\"http:\/\/www.kfi.se\/wp-content\/uploads\/2019\/11\/038.pdf\" target=\"_blank\" rel=\"noopener noreferrer\">38. Hans Knutsson och Anna Thomasson (2017).<\/a><br \/>\nUtveckling genom l\u00e4rande upphandling.<br \/>\nIntermedi\u00e4rens roll i upphandling av komplexa v\u00e4lf\u00e4rdstj\u00e4nster.<br \/>\nISBN: 978-91-87454-46-2<\/p>\n<p><a href=\"http:\/\/www.kfi.se\/wp-content\/uploads\/2019\/11\/037.pdf\" target=\"_blank\" rel=\"noopener noreferrer\">37. Pierre Donatella (2017).<\/a><br \/>\nG\u00e5r det att lita p\u00e5 kommunernas redovisning?<br \/>\nEn sammanfattning av studier om styrning och manipulation.<br \/>\nISBN: 978-91-87454-45-5<\/p>\n<p><a href=\"http:\/\/www.kfi.se\/wp-content\/uploads\/2019\/11\/036.pdf\" target=\"_blank\" rel=\"noopener noreferrer\">36. Pierre Donatella, Mattias Haraldsson och Torbj\u00f6rn Tagesson (2017).<\/a><br \/>\nMer pengar, b\u00e4ttre revision? En studie av om kvaliteten p\u00e5 yrkesrevisionen p\u00e5verkas av erh\u00e5llna resurser.<br \/>\nISBN: 978-91-87454-44-8<\/p>\n<p><a href=\"http:\/\/www.kfi.se\/wp-content\/uploads\/2019\/11\/035.pdf\" target=\"_blank\" rel=\"noopener noreferrer\">35. Viveka Nilsson (2016).<\/a><br \/>\nH\u00e5llbar kommun. -Om kommuners arbete med social h\u00e5llbarhet.<br \/>\nISBN: 978-91-87454-43-1<\/p>\n<p><a href=\"http:\/\/www.kfi.se\/wp-content\/uploads\/2019\/11\/034.pdf\" target=\"_blank\" rel=\"noopener noreferrer\">34. Ulf Johanson och Roland Almqvist (2016).<\/a><br \/>\nRamverk f\u00f6r analys av kommunal verksamhetsstyrning.<br \/>\nISBN: 978-91-87454-42-4<\/p>\n<p><a href=\"http:\/\/www.kfi.se\/wp-content\/uploads\/2019\/11\/033.pdf\" target=\"_blank\" rel=\"noopener noreferrer\">33. Sara Brorstr\u00f6m Anders Parment (2016).<\/a><br \/>\n\u00c4r urbanisering och tillv\u00e4xt n\u00f6dv\u00e4ndiga?<br \/>\n-F\u00f6r attraktiva platsvarum\u00e4rken i en kommunal kontext.<br \/>\nISBN: 978-91-87454-36-3<\/p>\n<p><a href=\"http:\/\/www.kfi.se\/wp-content\/uploads\/2019\/11\/032.pdf\" target=\"_blank\" rel=\"noopener noreferrer\">32. Viveka Nilsson (2016).<\/a><br \/>\nKontinuitet och f\u00f6r\u00e4ndring inom \u00e4ldreomsorgen.<br \/>\nISBN: 978-91-87454-36-3<\/p>\n<p><a href=\"http:\/\/www.kfi.se\/wp-content\/uploads\/2019\/11\/031.pdf\" target=\"_blank\" rel=\"noopener noreferrer\">31. Mikael Hellstr\u00f6m och Ulf Ramberg (2016).<\/a><br \/>\nN\u00e4r befolkningen \u00f6kar och f\u00f6r\u00e4ndras. Stora st\u00e4ders kapacitetsutmaningar och styrning f\u00f6r att m\u00f6ta dem.<br \/>\nISBN: 978-91-87454-37-0<\/p>\n<p><a href=\"http:\/\/www.kfi.se\/wp-content\/uploads\/2019\/11\/030.pdf\" target=\"_blank\" rel=\"noopener noreferrer\">30. Emma Ek \u00d6sterberg och Rolf Solli (2016).<\/a><br \/>\nDen kommunala revisionens nytta och roll. &#8211; Svaret \u00e4r 64.<br \/>\nISBN: 978-91-87454-34-9<\/p>\n<p><a href=\"http:\/\/www.kfi.se\/wp-content\/uploads\/2019\/11\/029.pdf\" target=\"_blank\" rel=\"noopener noreferrer\">29. Johan Berlin, Christian Jensen, Mikael L\u00f6fstr\u00f6m och Viveka Nilsson (2016).<\/a><br \/>\nChefers strategier f\u00f6r att implementera samverkan.<br \/>\nISBN: 978-91-87454-33-2<\/p>\n<p><a href=\"http:\/\/www.kfi.se\/wp-content\/uploads\/2019\/11\/028.pdf\" target=\"_blank\" rel=\"noopener noreferrer\">28. Hans Knutsson och Anna Thomasson (2015).<\/a><br \/>\nL\u00e4r sig kommunerna av konkurrenterna?<br \/>\nISBN: 978-91-87454-30-1<\/p>\n<p><a href=\"http:\/\/www.kfi.se\/wp-content\/uploads\/2019\/11\/027.pdf\" target=\"_blank\" rel=\"noopener noreferrer\">27. \u200bViveka Nilsson (2015).<\/a><br \/>\nF\u00f6r\u00e4ndringsben\u00e4genhet och framf\u00f6rh\u00e5llning.<br \/>\n&#8211; 24 \u00e4ldreomsorgschefer ber\u00e4ttar om resursanpassning och verksamhetsutveckling.<br \/>\nISBN: 978-91-87454-27-1<\/p>\n<p><a href=\"http:\/\/www.kfi.se\/wp-content\/uploads\/2019\/11\/026.pdf\" target=\"_blank\" rel=\"noopener noreferrer\">26. Johan W\u00e4nstr\u00f6m (2015).<\/a><br \/>\n\u00c5tta skolexempel p\u00e5 lokal demokrati?<br \/>\n&#8211; Folkomr\u00f6stningar och politiskt ledarskap i arbetet med att reformera kommunala skolorganisationer.<br \/>\nISBN: 978-91-87454-25-7<br \/>\n\u200b<br \/>\n<a href=\"http:\/\/www.kfi.se\/wp-content\/uploads\/2019\/11\/025.pdf\" target=\"_blank\" rel=\"noopener noreferrer\">25. Bj\u00f6rn Brorstr\u00f6m, Pierre Donatella och Johan W\u00e4nstr\u00f6m (2013).<\/a><br \/>\nHur kommuner hanterar besv\u00e4rligheter.<br \/>\n&#8211; Resultat och insikter fr\u00e5n det nationella kommunforskningsprogrammet.<br \/>\nISBN: 978-91-87454-13-4<\/p>\n<p><a href=\"http:\/\/www.kfi.se\/wp-content\/uploads\/2019\/11\/024.pdf\" target=\"_blank\" rel=\"noopener noreferrer\">24. Jonas Fjertorp, Ola Mattisson och Anna Thomasson (2013).<\/a><br \/>\nKommunala tillv\u00e4xtstrategier.<br \/>\n&#8211; Mobilisering av akt\u00f6rer och resurser<br \/>\nISBN: 978-91-87454-12-7<br \/>\n\u200b<br \/>\n<a href=\"http:\/\/www.kfi.se\/wp-content\/uploads\/2019\/11\/023.pdf\" target=\"_blank\" rel=\"noopener noreferrer\">23. Roland Almqvist och Niklas W\u00e4llstedt (2013).<\/a><br \/>\nAtt styra sig igenom besv\u00e4rliga situationer.<br \/>\n&#8211; Kommunal styrning som tradition, transaktion och relation<br \/>\nISBN: 978-91-87454-09-7<\/p>\n<p><a href=\"http:\/\/www.kfi.se\/wp-content\/uploads\/2019\/11\/022.pdf\" target=\"_blank\" rel=\"noopener noreferrer\">22. Mikael Hellstr\u00f6m, Leif Jonsson, Viveka Nilsson, Ulf Ramberg och Johan W\u00e4nstr\u00f6m (2013).<\/a><br \/>\nHur organiseras samarbete mellan politiker och tj\u00e4nstem\u00e4n?<br \/>\nISBN: 978-91-87454-08-0<\/p>\n<p><a href=\"http:\/\/www.kfi.se\/wp-content\/uploads\/2019\/11\/021.pdf\" target=\"_blank\" rel=\"noopener noreferrer\">21. Mikael Holmgren Caicedo, Leif Jonsson och Maria M\u00e5rtensson (2013).<\/a><br \/>\nF\u00f6ruts\u00e4ttningar f\u00f6r styrning av samverkan.<br \/>\n&#8211; En studie om etableringen av ett samverkansinitiativ mellan kommuner och h\u00f6gskola.<br \/>\nISBN: 978-91-87454-07-3<\/p>\n<p><a href=\"http:\/\/www.kfi.se\/wp-content\/uploads\/2019\/11\/020.pdf\" target=\"_blank\" rel=\"noopener noreferrer\">20. Hans Knutsson (2013).<\/a><br \/>\nHur n\u00e5r en kommun framg\u00e5ng?<br \/>\nISBN: 978-91-87454-06-6<\/p>\n<p><a href=\"http:\/\/www.kfi.se\/wp-content\/uploads\/2019\/11\/019.pdf\" target=\"_blank\" rel=\"noopener noreferrer\">19. Pierre Donatella (2013).<\/a><br \/>\nStora underskott som blir st\u00f6rre.<br \/>\n&#8211; reningsbad i kommunsektorn<br \/>\nISBN: 978-91-87454-05-9<\/p>\n<p><a href=\"http:\/\/www.kfi.se\/wp-content\/uploads\/2019\/11\/018.pdf\" target=\"_blank\" rel=\"noopener noreferrer\">18. Olle H\u00f6gberg och Jan Wallenberg (2013).<\/a><br \/>\nSp\u00e4nningen mellan styrning och<br \/>\nprofessionell sj\u00e4lvst\u00e4ndighet.<br \/>\nISBN: 978-91-87454-04-2<\/p>\n<p><a href=\"http:\/\/www.kfi.se\/wp-content\/uploads\/2019\/11\/017.pdf\" target=\"_blank\" rel=\"noopener noreferrer\">17. Jonas Fjertorp (2013).<\/a><br \/>\nHur p\u00e5verkas kommunernas ekonomi<br \/>\nav befolkningsf\u00f6r\u00e4ndringar?<br \/>\nISBN: 978-91-87454-02-8<\/p>\n<p><a href=\"http:\/\/www.kfi.se\/wp-content\/uploads\/2019\/11\/016.pdf\" target=\"_blank\" rel=\"noopener noreferrer\">16. Torbj\u00f6rn Tagesson, Nicoletta Andersson Glinatsi och Martina Prahl (2013).<\/a><br \/>\nUpphandling av sakkunniga yrkesrevisorer.<br \/>\n&#8211; vilken p\u00e5verkan har konkurrensen?<br \/>\nISBN: 978-91-87454-01-1<\/p>\n<p><a href=\"http:\/\/www.kfi.se\/wp-content\/uploads\/2019\/11\/015.pdf\" target=\"_blank\" rel=\"noopener noreferrer\">15. Johan W\u00e4nstr\u00f6m (2013).<\/a><br \/>\nDemokratisk f\u00f6rankring i skolnedl\u00e4ggningsprocesser.<br \/>\n&#8211; F\u00f6ruts\u00e4ttningar f\u00f6r medborgardialog i en k\u00e4nsloladdad fr\u00e5ga.<br \/>\nISBN: 978-91-87454-00-4<\/p>\n<p><a href=\"http:\/\/www.kfi.se\/wp-content\/uploads\/2019\/11\/014.pdf\" target=\"_blank\" rel=\"noopener noreferrer\">14. Johan W\u00e4nstr\u00f6m (2013).<\/a><br \/>\nStabil utveckling.<br \/>\n&#8211; Samf\u00f6rst\u00e5nd kring nya snarare \u00e4n gamla id\u00e9er.<br \/>\nISBN: 978-91-980639-9-8<\/p>\n<p><a href=\"http:\/\/www.kfi.se\/wp-content\/uploads\/2019\/11\/013.pdf\" target=\"_blank\" rel=\"noopener noreferrer\">13. Anna Creg\u00e5rd, Rolf Solli och Pratik Zapata (2012).<\/a><br \/>\nKris och organisatorisk innovation.<br \/>\n&#8211; isl\u00e4ndska kommuners agerande.<br \/>\nISBN: 978-91-980639-3-6<\/p>\n<p><a href=\"http:\/\/www.kfi.se\/wp-content\/uploads\/2019\/11\/012.pdf\" target=\"_blank\" rel=\"noopener noreferrer\">12. Sara Brorstr\u00f6m och Rolf Solli (2012).<\/a><br \/>\nFramtidens historia.<br \/>\n&#8211; En studie av visioner, strategier och planer i stora svenska st\u00e4der.<br \/>\nISBN: 978-91-980639-2-9<\/p>\n<p><a href=\"http:\/\/www.kfi.se\/wp-content\/uploads\/2019\/11\/011.pdf\" target=\"_blank\" rel=\"noopener noreferrer\">11. Viveka Nilsson (2012).<\/a><br \/>\nFramg\u00e5ngsrik kommunal utveckling.<br \/>\n&#8211; Mot handlingsorientering<br \/>\nISBN: 978-91-980639-1-2<\/p>\n<p><a href=\"http:\/\/www.kfi.se\/wp-content\/uploads\/2019\/11\/010.pdf\" target=\"_blank\" rel=\"noopener noreferrer\">10. Pierre Donatella (2012).<\/a><br \/>\nN\u00e4r resultatet blev allt f\u00f6r bra.<br \/>\n&#8211; Earnings management som l\u00f6sning<br \/>\nISBN: 978-91-980022-9-4<\/p>\n<p><a href=\"http:\/\/www.kfi.se\/wp-content\/uploads\/2019\/11\/009.pdf\" target=\"_blank\" rel=\"noopener noreferrer\">9. Johan W\u00e4nstr\u00f6m, Martin Karlsson och Linda W\u00e4nstr\u00f6m (2012).<\/a><br \/>\nRiskfyllda beslut?<br \/>\n&#8211; Skolnedl\u00e4ggelsers avtryck i kommunala valresultat<br \/>\nISBN: 978-91-980022-8-7<\/p>\n<p><a href=\"http:\/\/www.kfi.se\/wp-content\/uploads\/2019\/11\/008.pdf\" target=\"_blank\" rel=\"noopener noreferrer\">8. Viveka Nilsson (2012). Effektivitet som ledord.<\/a><br \/>\n-n\u00e4r det handlar om framg\u00e5ngsrik kommunal utveckling<br \/>\nISBN: 978-91-980022-7-0<\/p>\n<p><a href=\"http:\/\/www.kfi.se\/wp-content\/uploads\/2019\/11\/007.pdf\" target=\"_blank\" rel=\"noopener noreferrer\">7. Jonas Fjertorp, Rolf G Larsson och Ola Mattisson (2012).<\/a><br \/>\nKommunal tillv\u00e4xt. -Konsten att hantera lokala f\u00f6ruts\u00e4ttningar<br \/>\nISBN: 978-91-980022-5-6<\/p>\n<p><a href=\"http:\/\/www.kfi.se\/wp-content\/uploads\/2019\/11\/006.pdf\" target=\"_blank\" rel=\"noopener noreferrer\">6. Viveka Nilsson (2011).<\/a><br \/>\nDet handlar om framg\u00e5ng.<br \/>\n-Kommunala egenskaper f\u00f6r att hantera besv\u00e4rliga situationer.<br \/>\nISBN: 978-91-980022-3-2<\/p>\n<p><a href=\"http:\/\/www.kfi.se\/wp-content\/uploads\/2019\/11\/005.pdf\" target=\"_blank\" rel=\"noopener noreferrer\">5. Bj\u00f6rn Brorstr\u00f6m och Sara Brorstr\u00f6m (2011).<\/a><br \/>\nKrisers inneb\u00f6rd och orsaker<br \/>\nISBN: 978-91-979052-7-5<\/p>\n<p><a href=\"http:\/\/www.kfi.se\/wp-content\/uploads\/2019\/11\/004.pdf\" target=\"_blank\" rel=\"noopener noreferrer\">4. Sara Brorstr\u00f6m (2011).<\/a><br \/>\nFinanskrisen i backspegeln. Kris eller inte kris?<br \/>\nISBN: 987-91-979052-6-8<\/p>\n<p><a href=\"http:\/\/www.kfi.se\/wp-content\/uploads\/2019\/11\/003.pdf\" target=\"_blank\" rel=\"noopener noreferrer\">3. Leif Jonsson och Robert Jonsson (2011).<\/a><br \/>\nRoterande kommunchefskap. Id\u00e9er bakom en chefskonstruktion.<br \/>\n\u200bISBN: 987-91-979052-5-1<\/p>\n<p><a href=\"http:\/\/www.kfi.se\/wp-content\/uploads\/2019\/11\/002.pdf\" target=\"_blank\" rel=\"noopener noreferrer\">2. Bj\u00f6rn Brorstr\u00f6m, Viveka Nilsson, Roland Almqvist, Leif Jonsson och Ulf Ramberg (2010).<\/a><br \/>\nEn referensram f\u00f6r studier av kommuner i f\u00f6r\u00e4ndring.<br \/>\nISBN: 987-91-978520-9-8<\/p>\n<p><a href=\"http:\/\/www.kfi.se\/wp-content\/uploads\/2019\/11\/001.pdf\" target=\"_blank\" rel=\"noopener noreferrer\">1. Roland Almqvist, Bj\u00f6rn Brorstr\u00f6m, Leif Jonsson, Stig Montin, Ulf Ramberg (2010).<\/a> Framg\u00e5ngsrik f\u00f6r\u00e4ndring &#8211; ett nationellt kommunforskningsprogram om hantering av f\u00f6r\u00e4ndrade ekonomiska f\u00f6ruts\u00e4ttningar och besv\u00e4rliga situationer.<br \/>\nISBN: 978-91-978520-8-1<\/p>\n<p>\u200b\u200b<\/p>\n<p>&nbsp;<\/p>\n","protected":false},"excerpt":{"rendered":"<p>Nationella kommunforskningsprogrammet (Natkom) (2009-2017) Det nationella kommunforskningsprogrammet var ett samarbete mellan de fem universitetsanknutna forskningsinstitutionerna (G\u00f6teborg, Stockholm, Lund, Link\u00f6ping och \u00d6rebro) inom kommunal ekonomi och politik som tillsammans utvecklat ett forskningsprogram under \u00e5ren 2009-2017. Den f\u00f6rsta delen av forskningsprogrammet p\u00e5gick mellan 2010-2013 och den andra delen mellan 2014-2016. Programmet avslutades 2017.\u00a0 Nedan finns det nationella &hellip; <a href=\"https:\/\/www.kfi.se\/wp-index.php\/publikationer\/natkom-rapporter\/\" class=\"more-link\">Forts\u00e4tt l\u00e4sa <span class=\"screen-reader-text\">Natkom-rapporter<\/span><\/a><\/p>\n","protected":false},"author":3,"featured_media":0,"parent":24,"menu_order":0,"comment_status":"closed","ping_status":"closed","template":"","meta":{"footnotes":""},"class_list":["post-512","page","type-page","status-publish","hentry"],"_links":{"self":[{"href":"https:\/\/www.kfi.se\/wp-index.php\/wp-json\/wp\/v2\/pages\/512"}],"collection":[{"href":"https:\/\/www.kfi.se\/wp-index.php\/wp-json\/wp\/v2\/pages"}],"about":[{"href":"https:\/\/www.kfi.se\/wp-index.php\/wp-json\/wp\/v2\/types\/page"}],"author":[{"embeddable":true,"href":"https:\/\/www.kfi.se\/wp-index.php\/wp-json\/wp\/v2\/users\/3"}],"replies":[{"embeddable":true,"href":"https:\/\/www.kfi.se\/wp-index.php\/wp-json\/wp\/v2\/comments?post=512"}],"version-history":[{"count":30,"href":"https:\/\/www.kfi.se\/wp-index.php\/wp-json\/wp\/v2\/pages\/512\/revisions"}],"predecessor-version":[{"id":3070,"href":"https:\/\/www.kfi.se\/wp-index.php\/wp-json\/wp\/v2\/pages\/512\/revisions\/3070"}],"up":[{"embeddable":true,"href":"https:\/\/www.kfi.se\/wp-index.php\/wp-json\/wp\/v2\/pages\/24"}],"wp:attachment":[{"href":"https:\/\/www.kfi.se\/wp-index.php\/wp-json\/wp\/v2\/media?parent=512"}],"curies":[{"name":"wp","href":"https:\/\/api.w.org\/{rel}","templated":true}]}}