{"id":567,"date":"2016-08-31T10:34:59","date_gmt":"2016-08-31T08:34:59","guid":{"rendered":"http:\/\/www.kfi.se\/wp-index.php\/?page_id=567"},"modified":"2023-03-29T07:24:49","modified_gmt":"2023-03-29T05:24:49","slug":"cristian-lagstrom","status":"publish","type":"page","link":"https:\/\/www.kfi.se\/wp-index.php\/kontakt\/cristian-lagstrom\/","title":{"rendered":"Cristian Lagstr\u00f6m"},"content":{"rendered":"<p><a href=\"http:\/\/www.kfi.se\/wp-content\/uploads\/2016\/08\/Cristian-Lagstrom-Ny.jpg\"><img loading=\"lazy\" decoding=\"async\" class=\"alignleft wp-image-1501\" src=\"https:\/\/www.kfi.se\/wp-content\/uploads\/2016\/08\/Cristian-Lagstrom-Ny-238x300.jpg\" alt=\"foto:henrik brunnsg\u00e5rd\" width=\"250\" height=\"315\" srcset=\"https:\/\/www.kfi.se\/wp-content\/uploads\/2016\/08\/Cristian-Lagstrom-Ny-238x300.jpg 238w, https:\/\/www.kfi.se\/wp-content\/uploads\/2016\/08\/Cristian-Lagstrom-Ny-153x192.jpg 153w, https:\/\/www.kfi.se\/wp-content\/uploads\/2016\/08\/Cristian-Lagstrom-Ny.jpg 600w\" sizes=\"(max-width: 250px) 100vw, 250px\" \/><\/a><\/p>\n<h4><\/h4>\n<h4>Cristian Lagstr\u00f6m<\/h4>\n<p>Fil dr offentlig f\u00f6rvaltning<br \/>\nBitr\u00e4dande universitetslektor i f\u00f6retagsekonomi vid Stockholm Business School, Stockholms universitet<br \/>\nAffilierad forskare vid F\u00f6rvaltningsh\u00f6gskolan, G\u00f6teborgs universitet<\/p>\n<p>Telefon 0735-12 21 36<br \/>\nE-post: <a href=\"mailto:cristian.lagstrom@kfi.se\" target=\"_blank\" rel=\"noopener noreferrer\">cristian.lagstrom@kfi.se<\/a><br \/>\nBes\u00f6ksadress: Spr\u00e4ngkullsgatan 19, 3 v\u00e5n, G\u00f6teborg<\/p>\n<h4>Intresseomr\u00e5de<\/h4>\n<p>Sedan 2015 driver jag ett forskningsprojekt om Sociala investeringar. Mer specifikt handlar det om att i praktiken studera framv\u00e4xten av nya s\u00e4tt att kalkylera, organisera och styra f\u00f6rebyggande sociala insatser i svenska kommuner. Andra teman jag studerat \u00e4r nyckeltalsstyrning i skolsektorn och tillsyn som granskningsform. \u00a0I grunden finns ett forskningsintresse av att f\u00f6rst\u00e5 siffrors roll i styrning- och organiseringsprocesser.<\/p>\n<p>L\u00e4nk till publikationer: <a href=\"http:\/\/www.swepub.se\/hitlist?d=swepub&amp;q=cristian+lagstr%c3%b6m&amp;f=simp&amp;spell=true&amp;hist=true&amp;p=1\">Swepub<\/a><\/p>\n<p>&nbsp;<\/p>\n","protected":false},"excerpt":{"rendered":"<p>Cristian Lagstr\u00f6m Fil dr offentlig f\u00f6rvaltning Bitr\u00e4dande universitetslektor i f\u00f6retagsekonomi vid Stockholm Business School, Stockholms universitet Affilierad forskare vid F\u00f6rvaltningsh\u00f6gskolan, G\u00f6teborgs universitet Telefon 0735-12 21 36 E-post: cristian.lagstrom@kfi.se Bes\u00f6ksadress: Spr\u00e4ngkullsgatan 19, 3 v\u00e5n, G\u00f6teborg Intresseomr\u00e5de Sedan 2015 driver jag ett forskningsprojekt om Sociala investeringar. Mer specifikt handlar det om att i praktiken studera framv\u00e4xten av &hellip; <a href=\"https:\/\/www.kfi.se\/wp-index.php\/kontakt\/cristian-lagstrom\/\" class=\"more-link\">Forts\u00e4tt l\u00e4sa <span class=\"screen-reader-text\">Cristian Lagstr\u00f6m<\/span><\/a><\/p>\n","protected":false},"author":3,"featured_media":0,"parent":39,"menu_order":0,"comment_status":"closed","ping_status":"closed","template":"","meta":{"footnotes":""},"class_list":["post-567","page","type-page","status-publish","hentry"],"_links":{"self":[{"href":"https:\/\/www.kfi.se\/wp-index.php\/wp-json\/wp\/v2\/pages\/567"}],"collection":[{"href":"https:\/\/www.kfi.se\/wp-index.php\/wp-json\/wp\/v2\/pages"}],"about":[{"href":"https:\/\/www.kfi.se\/wp-index.php\/wp-json\/wp\/v2\/types\/page"}],"author":[{"embeddable":true,"href":"https:\/\/www.kfi.se\/wp-index.php\/wp-json\/wp\/v2\/users\/3"}],"replies":[{"embeddable":true,"href":"https:\/\/www.kfi.se\/wp-index.php\/wp-json\/wp\/v2\/comments?post=567"}],"version-history":[{"count":16,"href":"https:\/\/www.kfi.se\/wp-index.php\/wp-json\/wp\/v2\/pages\/567\/revisions"}],"predecessor-version":[{"id":5146,"href":"https:\/\/www.kfi.se\/wp-index.php\/wp-json\/wp\/v2\/pages\/567\/revisions\/5146"}],"up":[{"embeddable":true,"href":"https:\/\/www.kfi.se\/wp-index.php\/wp-json\/wp\/v2\/pages\/39"}],"wp:attachment":[{"href":"https:\/\/www.kfi.se\/wp-index.php\/wp-json\/wp\/v2\/media?parent=567"}],"curies":[{"name":"wp","href":"https:\/\/api.w.org\/{rel}","templated":true}]}}