{"id":5671,"date":"2024-03-21T21:21:48","date_gmt":"2024-03-21T20:21:48","guid":{"rendered":"https:\/\/www.kfi.se\/wp-index.php\/?page_id=5671"},"modified":"2024-03-21T21:21:48","modified_gmt":"2024-03-21T20:21:48","slug":"emma-albertsson","status":"publish","type":"page","link":"https:\/\/www.kfi.se\/wp-index.php\/kontakt\/emma-albertsson\/","title":{"rendered":"Emma Albertsson"},"content":{"rendered":"<p><img loading=\"lazy\" decoding=\"async\" class=\"\" src=\"https:\/\/www.kfi.se\/wp-content\/uploads\/2024\/03\/Emma-Albertsson.jpg\" width=\"290\" height=\"387\" \/><\/p>\n<p><strong>Emma Albertsson\u00a0<\/strong><\/p>\n<p>Forskningsassistent vid KFi<\/p>\n<p>Telefon: 0703-659893<\/p>\n<p>E-post: emma.albertsson@kfi.se<\/p>\n<p><strong>Intresseomr\u00e5den<\/strong><\/p>\n<p>Mina intresseomr\u00e5den \u00e4r ledning, digitalisering och styrning.<\/p>\n<p>&nbsp;<\/p>\n<p>&nbsp;<\/p>\n<p>&nbsp;<\/p>\n","protected":false},"excerpt":{"rendered":"<p>Emma Albertsson\u00a0 Forskningsassistent vid KFi Telefon: 0703-659893 E-post: emma.albertsson@kfi.se Intresseomr\u00e5den Mina intresseomr\u00e5den \u00e4r ledning, digitalisering och styrning. &nbsp; &nbsp; &nbsp;<\/p>\n","protected":false},"author":3,"featured_media":0,"parent":39,"menu_order":0,"comment_status":"closed","ping_status":"closed","template":"","meta":{"footnotes":""},"class_list":["post-5671","page","type-page","status-publish","hentry"],"_links":{"self":[{"href":"https:\/\/www.kfi.se\/wp-index.php\/wp-json\/wp\/v2\/pages\/5671"}],"collection":[{"href":"https:\/\/www.kfi.se\/wp-index.php\/wp-json\/wp\/v2\/pages"}],"about":[{"href":"https:\/\/www.kfi.se\/wp-index.php\/wp-json\/wp\/v2\/types\/page"}],"author":[{"embeddable":true,"href":"https:\/\/www.kfi.se\/wp-index.php\/wp-json\/wp\/v2\/users\/3"}],"replies":[{"embeddable":true,"href":"https:\/\/www.kfi.se\/wp-index.php\/wp-json\/wp\/v2\/comments?post=5671"}],"version-history":[{"count":1,"href":"https:\/\/www.kfi.se\/wp-index.php\/wp-json\/wp\/v2\/pages\/5671\/revisions"}],"predecessor-version":[{"id":5673,"href":"https:\/\/www.kfi.se\/wp-index.php\/wp-json\/wp\/v2\/pages\/5671\/revisions\/5673"}],"up":[{"embeddable":true,"href":"https:\/\/www.kfi.se\/wp-index.php\/wp-json\/wp\/v2\/pages\/39"}],"wp:attachment":[{"href":"https:\/\/www.kfi.se\/wp-index.php\/wp-json\/wp\/v2\/media?parent=5671"}],"curies":[{"name":"wp","href":"https:\/\/api.w.org\/{rel}","templated":true}]}}