{"id":573,"date":"2016-08-31T10:35:49","date_gmt":"2016-08-31T08:35:49","guid":{"rendered":"http:\/\/www.kfi.se\/wp-index.php\/?page_id=573"},"modified":"2023-12-06T22:37:42","modified_gmt":"2023-12-06T21:37:42","slug":"viveka-nilsson","status":"publish","type":"page","link":"https:\/\/www.kfi.se\/wp-index.php\/kontakt\/viveka-nilsson\/","title":{"rendered":"Viveka Nilsson"},"content":{"rendered":"<p><img loading=\"lazy\" decoding=\"async\" class=\"\" src=\"https:\/\/www.kfi.se\/wp-content\/uploads\/2023\/12\/Viveka.jpg\" width=\"300\" height=\"450\" \/><\/p>\n<h4>Viveka Nilsson<\/h4>\n<p>Administrationsansvarig och Forskare, KFi<br \/>\nFil dr i offentlig f\u00f6rvaltning<\/p>\n<p>Telefon: 0703-41 65 17<br \/>\nE-post: <a href=\"mailto:viveka.nilsson@kfi.se\" target=\"_blank\" rel=\"noopener noreferrer\">viveka.nilsson@kfi.se<\/a><br \/>\nBes\u00f6ksadress: Viktoriagatan 13, G\u00f6teborg<\/p>\n<p>&nbsp;<\/p>\n<h4>Forskningsf\u00e4lt<\/h4>\n<p>Min forskning ligger inom omr\u00e5dena styrning och organisering av kommunal verksamhet. Fokus ligger p\u00e5 att belysa effekter av nya styr- och organiseringsmodeller f\u00f6r att se vad som g\u00e5tt bra och mindre bra i arbetet med dessa. Det handlar om att identifiera framg\u00e5ngsfaktorer respektive problematiska aspekter.<\/p>\n<h4>Doktorsavhandling<\/h4>\n<p>Nilsson, Viveka (1999). Empati och distans \u2013 en studie av \u00f6verl\u00e4kares f\u00f6rh\u00e5llande till ekonomistyrning. G\u00f6teborg: G\u00f6teborgs universitet.<\/p>\n<p>&nbsp;<\/p>\n<h4>Publikationer<\/h4>\n<p><a href=\"https:\/\/www.kfi.se\/wp-content\/uploads\/2023\/04\/CV-Viveka-Nilsson.pdf\" target=\"_blank\" rel=\"noopener\">Viveka Nilssons publikationer (2023-04-20)<\/a><\/p>\n","protected":false},"excerpt":{"rendered":"<p>Viveka Nilsson Administrationsansvarig och Forskare, KFi Fil dr i offentlig f\u00f6rvaltning Telefon: 0703-41 65 17 E-post: viveka.nilsson@kfi.se Bes\u00f6ksadress: Viktoriagatan 13, G\u00f6teborg &nbsp; Forskningsf\u00e4lt Min forskning ligger inom omr\u00e5dena styrning och organisering av kommunal verksamhet. Fokus ligger p\u00e5 att belysa effekter av nya styr- och organiseringsmodeller f\u00f6r att se vad som g\u00e5tt bra och mindre bra &hellip; <a href=\"https:\/\/www.kfi.se\/wp-index.php\/kontakt\/viveka-nilsson\/\" class=\"more-link\">Forts\u00e4tt l\u00e4sa <span class=\"screen-reader-text\">Viveka Nilsson<\/span><\/a><\/p>\n","protected":false},"author":3,"featured_media":0,"parent":39,"menu_order":0,"comment_status":"closed","ping_status":"closed","template":"","meta":{"footnotes":""},"class_list":["post-573","page","type-page","status-publish","hentry"],"_links":{"self":[{"href":"https:\/\/www.kfi.se\/wp-index.php\/wp-json\/wp\/v2\/pages\/573"}],"collection":[{"href":"https:\/\/www.kfi.se\/wp-index.php\/wp-json\/wp\/v2\/pages"}],"about":[{"href":"https:\/\/www.kfi.se\/wp-index.php\/wp-json\/wp\/v2\/types\/page"}],"author":[{"embeddable":true,"href":"https:\/\/www.kfi.se\/wp-index.php\/wp-json\/wp\/v2\/users\/3"}],"replies":[{"embeddable":true,"href":"https:\/\/www.kfi.se\/wp-index.php\/wp-json\/wp\/v2\/comments?post=573"}],"version-history":[{"count":22,"href":"https:\/\/www.kfi.se\/wp-index.php\/wp-json\/wp\/v2\/pages\/573\/revisions"}],"predecessor-version":[{"id":5574,"href":"https:\/\/www.kfi.se\/wp-index.php\/wp-json\/wp\/v2\/pages\/573\/revisions\/5574"}],"up":[{"embeddable":true,"href":"https:\/\/www.kfi.se\/wp-index.php\/wp-json\/wp\/v2\/pages\/39"}],"wp:attachment":[{"href":"https:\/\/www.kfi.se\/wp-index.php\/wp-json\/wp\/v2\/media?parent=573"}],"curies":[{"name":"wp","href":"https:\/\/api.w.org\/{rel}","templated":true}]}}